{"id":29,"date":"2024-01-25T10:31:09","date_gmt":"2024-01-25T09:31:09","guid":{"rendered":"https:\/\/2ndemain.solutionsevenements.fr\/?post_type=product&#038;p=29"},"modified":"2024-05-06T08:09:49","modified_gmt":"2024-05-06T06:09:49","slug":"fauteuil-panama-acapulco","status":"publish","type":"product","link":"https:\/\/2ndemain.solutionsevenements.fr\/index.php\/produit\/fauteuil-panama-acapulco\/","title":{"rendered":"Fauteuil Panama Acapulco"},"content":{"rendered":"<p>Avec sa\u00a0<b>parfaite association de 4 couleurs<\/b>\u00a0telles que le rose, le vert, le turquoise, le noir, ce fauteuil de jardin au design de c\u00e2ble tress\u00e9 \u00e0 la main est tr\u00e8s appr\u00e9ci\u00e9 pour son design et son confort.<br \/>\nCompos\u00e9 de 4 pieds en m\u00e9tal de couleur blanc, l&rsquo;assise est\u00a0<b>parfaitement stable<\/b>\u00a0et les personnes de plus de 100 kg peuvent s&rsquo;y installer convenablement.<\/p>\n<p>Totalement\u00a0<b>\u00e9tanche<\/b> , vous pouvez l&rsquo;utiliser en ext\u00e9rieur mais aussi en int\u00e9rieur.<\/p>\n","protected":false},"excerpt":{"rendered":"<p>Produit en bon \u00e9tat<\/p>\n","protected":false},"featured_media":59,"template":"","meta":{"_eb_attr":""},"product_cat":[17],"product_tag":[],"class_list":{"0":"post-29","1":"product","2":"type-product","3":"status-publish","4":"has-post-thumbnail","6":"product_cat-fauteuils","8":"first","9":"instock","10":"taxable","11":"shipping-taxable","12":"purchasable","13":"product-type-simple"},"yoast_head":"<!-- This site is optimized with the Yoast SEO plugin v22.6 - https:\/\/yoast.com\/wordpress\/plugins\/seo\/ -->\n<title>Fauteuil Panama Acapulco - 2nde Main - Solutions Evenements<\/title>\n<meta name=\"robots\" content=\"index, follow, max-snippet:-1, max-image-preview:large, max-video-preview:-1\" \/>\n<link rel=\"canonical\" href=\"https:\/\/2ndemain.solutionsevenements.fr\/index.php\/produit\/fauteuil-panama-acapulco\/\" \/>\n<meta property=\"og:locale\" content=\"fr_FR\" \/>\n<meta property=\"og:type\" content=\"article\" \/>\n<meta property=\"og:title\" content=\"Fauteuil Panama Acapulco - 2nde Main - Solutions Evenements\" \/>\n<meta property=\"og:description\" content=\"Produit en bon \u00e9tat\" \/>\n<meta property=\"og:url\" content=\"https:\/\/2ndemain.solutionsevenements.fr\/index.php\/produit\/fauteuil-panama-acapulco\/\" \/>\n<meta property=\"og:site_name\" content=\"2nde Main - Solutions Evenements\" \/>\n<meta property=\"article:modified_time\" content=\"2024-05-06T06:09:49+00:00\" \/>\n<meta property=\"og:image\" content=\"https:\/\/2ndemain.solutionsevenements.fr\/wp-content\/uploads\/2024\/01\/fauteuil-acapulco-2.png\" \/>\n\t<meta property=\"og:image:width\" content=\"1000\" \/>\n\t<meta property=\"og:image:height\" content=\"1000\" \/>\n\t<meta property=\"og:image:type\" content=\"image\/png\" \/>\n<meta name=\"twitter:card\" content=\"summary_large_image\" \/>\n<meta name=\"twitter:label1\" content=\"Dur\u00e9e de lecture estim\u00e9e\" \/>\n\t<meta name=\"twitter:data1\" content=\"1 minute\" \/>\n<script type=\"application\/ld+json\" class=\"yoast-schema-graph\">{\"@context\":\"https:\/\/schema.org\",\"@graph\":[{\"@type\":\"WebPage\",\"@id\":\"https:\/\/2ndemain.solutionsevenements.fr\/index.php\/produit\/fauteuil-panama-acapulco\/\",\"url\":\"https:\/\/2ndemain.solutionsevenements.fr\/index.php\/produit\/fauteuil-panama-acapulco\/\",\"name\":\"Fauteuil Panama Acapulco - 2nde Main - Solutions Evenements\",\"isPartOf\":{\"@id\":\"https:\/\/2ndemain.solutionsevenements.fr\/#website\"},\"primaryImageOfPage\":{\"@id\":\"https:\/\/2ndemain.solutionsevenements.fr\/index.php\/produit\/fauteuil-panama-acapulco\/#primaryimage\"},\"image\":{\"@id\":\"https:\/\/2ndemain.solutionsevenements.fr\/index.php\/produit\/fauteuil-panama-acapulco\/#primaryimage\"},\"thumbnailUrl\":\"https:\/\/2ndemain.solutionsevenements.fr\/wp-content\/uploads\/2024\/01\/fauteuil-acapulco-2.png\",\"datePublished\":\"2024-01-25T09:31:09+00:00\",\"dateModified\":\"2024-05-06T06:09:49+00:00\",\"breadcrumb\":{\"@id\":\"https:\/\/2ndemain.solutionsevenements.fr\/index.php\/produit\/fauteuil-panama-acapulco\/#breadcrumb\"},\"inLanguage\":\"fr-FR\",\"potentialAction\":[{\"@type\":\"ReadAction\",\"target\":[\"https:\/\/2ndemain.solutionsevenements.fr\/index.php\/produit\/fauteuil-panama-acapulco\/\"]}]},{\"@type\":\"ImageObject\",\"inLanguage\":\"fr-FR\",\"@id\":\"https:\/\/2ndemain.solutionsevenements.fr\/index.php\/produit\/fauteuil-panama-acapulco\/#primaryimage\",\"url\":\"https:\/\/2ndemain.solutionsevenements.fr\/wp-content\/uploads\/2024\/01\/fauteuil-acapulco-2.png\",\"contentUrl\":\"https:\/\/2ndemain.solutionsevenements.fr\/wp-content\/uploads\/2024\/01\/fauteuil-acapulco-2.png\",\"width\":1000,\"height\":1000},{\"@type\":\"BreadcrumbList\",\"@id\":\"https:\/\/2ndemain.solutionsevenements.fr\/index.php\/produit\/fauteuil-panama-acapulco\/#breadcrumb\",\"itemListElement\":[{\"@type\":\"ListItem\",\"position\":1,\"name\":\"Accueil\",\"item\":\"https:\/\/2ndemain.solutionsevenements.fr\/\"},{\"@type\":\"ListItem\",\"position\":2,\"name\":\"Boutique\",\"item\":\"https:\/\/2ndemain.solutionsevenements.fr\/index.php\/boutique\/\"},{\"@type\":\"ListItem\",\"position\":3,\"name\":\"Fauteuil Panama Acapulco\"}]},{\"@type\":\"WebSite\",\"@id\":\"https:\/\/2ndemain.solutionsevenements.fr\/#website\",\"url\":\"https:\/\/2ndemain.solutionsevenements.fr\/\",\"name\":\"2nde Main - Solutions Evenements\",\"description\":\"Un site utilisant WordPress\",\"potentialAction\":[{\"@type\":\"SearchAction\",\"target\":{\"@type\":\"EntryPoint\",\"urlTemplate\":\"https:\/\/2ndemain.solutionsevenements.fr\/?s={search_term_string}\"},\"query-input\":\"required name=search_term_string\"}],\"inLanguage\":\"fr-FR\"}]}<\/script>\n<!-- \/ Yoast SEO plugin. -->","yoast_head_json":{"title":"Fauteuil Panama Acapulco - 2nde Main - Solutions Evenements","robots":{"index":"index","follow":"follow","max-snippet":"max-snippet:-1","max-image-preview":"max-image-preview:large","max-video-preview":"max-video-preview:-1"},"canonical":"https:\/\/2ndemain.solutionsevenements.fr\/index.php\/produit\/fauteuil-panama-acapulco\/","og_locale":"fr_FR","og_type":"article","og_title":"Fauteuil Panama Acapulco - 2nde Main - Solutions Evenements","og_description":"Produit en bon \u00e9tat","og_url":"https:\/\/2ndemain.solutionsevenements.fr\/index.php\/produit\/fauteuil-panama-acapulco\/","og_site_name":"2nde Main - Solutions Evenements","article_modified_time":"2024-05-06T06:09:49+00:00","og_image":[{"width":1000,"height":1000,"url":"https:\/\/2ndemain.solutionsevenements.fr\/wp-content\/uploads\/2024\/01\/fauteuil-acapulco-2.png","type":"image\/png"}],"twitter_card":"summary_large_image","twitter_misc":{"Dur\u00e9e de lecture estim\u00e9e":"1 minute"},"schema":{"@context":"https:\/\/schema.org","@graph":[{"@type":"WebPage","@id":"https:\/\/2ndemain.solutionsevenements.fr\/index.php\/produit\/fauteuil-panama-acapulco\/","url":"https:\/\/2ndemain.solutionsevenements.fr\/index.php\/produit\/fauteuil-panama-acapulco\/","name":"Fauteuil Panama Acapulco - 2nde Main - Solutions Evenements","isPartOf":{"@id":"https:\/\/2ndemain.solutionsevenements.fr\/#website"},"primaryImageOfPage":{"@id":"https:\/\/2ndemain.solutionsevenements.fr\/index.php\/produit\/fauteuil-panama-acapulco\/#primaryimage"},"image":{"@id":"https:\/\/2ndemain.solutionsevenements.fr\/index.php\/produit\/fauteuil-panama-acapulco\/#primaryimage"},"thumbnailUrl":"https:\/\/2ndemain.solutionsevenements.fr\/wp-content\/uploads\/2024\/01\/fauteuil-acapulco-2.png","datePublished":"2024-01-25T09:31:09+00:00","dateModified":"2024-05-06T06:09:49+00:00","breadcrumb":{"@id":"https:\/\/2ndemain.solutionsevenements.fr\/index.php\/produit\/fauteuil-panama-acapulco\/#breadcrumb"},"inLanguage":"fr-FR","potentialAction":[{"@type":"ReadAction","target":["https:\/\/2ndemain.solutionsevenements.fr\/index.php\/produit\/fauteuil-panama-acapulco\/"]}]},{"@type":"ImageObject","inLanguage":"fr-FR","@id":"https:\/\/2ndemain.solutionsevenements.fr\/index.php\/produit\/fauteuil-panama-acapulco\/#primaryimage","url":"https:\/\/2ndemain.solutionsevenements.fr\/wp-content\/uploads\/2024\/01\/fauteuil-acapulco-2.png","contentUrl":"https:\/\/2ndemain.solutionsevenements.fr\/wp-content\/uploads\/2024\/01\/fauteuil-acapulco-2.png","width":1000,"height":1000},{"@type":"BreadcrumbList","@id":"https:\/\/2ndemain.solutionsevenements.fr\/index.php\/produit\/fauteuil-panama-acapulco\/#breadcrumb","itemListElement":[{"@type":"ListItem","position":1,"name":"Accueil","item":"https:\/\/2ndemain.solutionsevenements.fr\/"},{"@type":"ListItem","position":2,"name":"Boutique","item":"https:\/\/2ndemain.solutionsevenements.fr\/index.php\/boutique\/"},{"@type":"ListItem","position":3,"name":"Fauteuil Panama Acapulco"}]},{"@type":"WebSite","@id":"https:\/\/2ndemain.solutionsevenements.fr\/#website","url":"https:\/\/2ndemain.solutionsevenements.fr\/","name":"2nde Main - Solutions Evenements","description":"Un site utilisant WordPress","potentialAction":[{"@type":"SearchAction","target":{"@type":"EntryPoint","urlTemplate":"https:\/\/2ndemain.solutionsevenements.fr\/?s={search_term_string}"},"query-input":"required name=search_term_string"}],"inLanguage":"fr-FR"}]}},"jetpack_sharing_enabled":true,"_links":{"self":[{"href":"https:\/\/2ndemain.solutionsevenements.fr\/index.php\/wp-json\/wp\/v2\/product\/29","targetHints":{"allow":["GET"]}}],"collection":[{"href":"https:\/\/2ndemain.solutionsevenements.fr\/index.php\/wp-json\/wp\/v2\/product"}],"about":[{"href":"https:\/\/2ndemain.solutionsevenements.fr\/index.php\/wp-json\/wp\/v2\/types\/product"}],"wp:featuredmedia":[{"embeddable":true,"href":"https:\/\/2ndemain.solutionsevenements.fr\/index.php\/wp-json\/wp\/v2\/media\/59"}],"wp:attachment":[{"href":"https:\/\/2ndemain.solutionsevenements.fr\/index.php\/wp-json\/wp\/v2\/media?parent=29"}],"wp:term":[{"taxonomy":"product_cat","embeddable":true,"href":"https:\/\/2ndemain.solutionsevenements.fr\/index.php\/wp-json\/wp\/v2\/product_cat?post=29"},{"taxonomy":"product_tag","embeddable":true,"href":"https:\/\/2ndemain.solutionsevenements.fr\/index.php\/wp-json\/wp\/v2\/product_tag?post=29"}],"curies":[{"name":"wp","href":"https:\/\/api.w.org\/{rel}","templated":true}]}}